{"id":73,"date":"2015-11-10T15:59:16","date_gmt":"2015-11-10T14:59:16","guid":{"rendered":"http:\/\/www.fratelligemignani.it\/?page_id=73"},"modified":"2024-11-05T17:50:39","modified_gmt":"2024-11-05T16:50:39","slug":"azienda","status":"publish","type":"page","link":"https:\/\/www.fratelligemignani.it\/fr\/societe","title":{"rendered":"Soci\u00e9t\u00e9"},"content":{"rendered":"<div class=\"wpb-content-wrapper\"><p>[vc_row full_width=&#8221;stretch_row_content_no_spaces&#8221; p_top=&#8221;0&#8243; p_bottom=&#8221;0&#8243; m_top=&#8221;0&#8243; m_bottom=&#8221;0&#8243; el_class=&#8221;coverpage-gemignani&#8221; css=&#8221;.vc_custom_1447171626444{background-image: url(https:\/\/www.fratelligemignani.it\/wp-content\/uploads\/2015\/11\/azienda-gemignani.jpg?id=93) !important;background-position: center !important;background-repeat: no-repeat !important;background-size: cover !important;}&#8221;][vc_column][vc_custom_heading text=&#8221;Depuis 1935&#8243; font_container=&#8221;tag:h1|text_align:center&#8221; google_fonts=&#8221;font_family:Montserrat%3Aregular%2C700|font_style:700%20bold%20regular%3A700%3Anormal&#8221;][vc_column_text css=&#8221;&#8221; c_id=&#8221;.vc_1454944687411&#8243;]La soci\u00e9t\u00e9 F.lli Gemignani est forte d\u2019une exp\u00e9rience de plus de 80 ans dans la production de machines pour l\u2019\u0153nologie.<br \/>\nAu fil des ann\u00e9es, elle a d\u00e9velopp\u00e9 des techniques innovantes dans la fabrication de mat\u00e9riel de pointe pour le secteur.<br \/>\nDepuis plus de 20 ans, elle intervient \u00e9galement dans la production de machines alimentaires et de fours \u00e0 bois int\u00e9rieurs et ext\u00e9rieurs.<br \/>\nAvec ses produits, elle est active sur les principaux march\u00e9s europ\u00e9ens et extra-europ\u00e9ens.<\/p>\n<p>&nbsp;[\/vc_column_text][\/vc_column][\/vc_row][vc_row full_width=&#8221;stretch_row_content_no_spaces&#8221; equal_height=&#8221;yes&#8221; p_top=&#8221;0&#8243; p_bottom=&#8221;0&#8243; m_top=&#8221;0&#8243; m_bottom=&#8221;0&#8243; el_class=&#8221;row-gemignani&#8221;][vc_column width=&#8221;1\/2&#8243; el_class=&#8221;column-txt-gemignani&#8221;][ivan_title title_tag=&#8221;h1&#8243; mark=&#8221;yes&#8221; c_id=&#8221;.vc_1525769702952&#8243;]La fiabilit\u00e9 de l\u2019exp\u00e9rience[\/ivan_title][vc_column_text css=&#8221;&#8221; c_id=&#8221;.vc_1449855115095&#8243;]Plus de quatre-vingts ans d\u2019exp\u00e9rience dans la production de machines pour l\u2019\u0153nologie et plus de vingt ans dans la fabrication de machines alimentaires et de fours \u00e0 bois int\u00e9rieurs et ext\u00e9rieurs. Un savoir-faire unique qui a permis \u00e0 la soci\u00e9t\u00e9 F.lli Gemignani de s\u2019imposer sur les principaux march\u00e9s europ\u00e9ens et extra-europ\u00e9ens.[\/vc_column_text][\/vc_column][vc_column width=&#8221;1\/2&#8243; css=&#8221;.vc_custom_1455042467778{background-image: url(https:\/\/www.fratelligemignani.it\/wp-content\/uploads\/2015\/11\/azienda-1.jpg?id=897) !important;background-position: center !important;background-repeat: no-repeat !important;background-size: cover !important;}&#8221; el_class=&#8221;column-img-gemignani&#8221;][\/vc_column][\/vc_row][vc_row full_width=&#8221;stretch_row_content_no_spaces&#8221; equal_height=&#8221;yes&#8221; p_top=&#8221;0&#8243; p_bottom=&#8221;0&#8243; m_top=&#8221;0&#8243; m_bottom=&#8221;0&#8243; el_class=&#8221;row-gemignani&#8221;][vc_column width=&#8221;1\/2&#8243; css=&#8221;.vc_custom_1455042481435{background-image: url(https:\/\/www.fratelligemignani.it\/wp-content\/uploads\/2015\/11\/azienda-2.jpg?id=895) !important;background-position: center !important;background-repeat: no-repeat !important;background-size: cover !important;}&#8221; el_class=&#8221;column-img-gemignani&#8221;][\/vc_column][vc_column width=&#8221;1\/2&#8243; el_class=&#8221;column-txt-gemignani&#8221;][ivan_title title_tag=&#8221;h1&#8243; mark=&#8221;yes&#8221; c_id=&#8221;.vc_1525769781634&#8243;]Le soin d\u00e9s d\u00e9tails[\/ivan_title][vc_column_text c_id=&#8221;.vc_1449855139763&#8243;]Une recherche continue sur les technologies de production, une grande importance accord\u00e9e \u00e0 la qualit\u00e9 des mat\u00e9riaux et une attention presque obsessionnelle pour les d\u00e9tails : c\u2019est la recette de la soci\u00e9t\u00e9 F.lli Gemignani pour obtenir une production et des finitions de qualit\u00e9 sans compromis.[\/vc_column_text][\/vc_column][\/vc_row][vc_row full_width=&#8221;stretch_row_content_no_spaces&#8221; equal_height=&#8221;yes&#8221; p_top=&#8221;0&#8243; p_bottom=&#8221;0&#8243; m_top=&#8221;0&#8243; m_bottom=&#8221;0&#8243; el_class=&#8221;row-gemignani&#8221;][vc_column width=&#8221;1\/2&#8243; el_class=&#8221;column-txt-gemignani&#8221;][ivan_title title_tag=&#8221;h1&#8243; mark=&#8221;yes&#8221; c_id=&#8221;.vc_1525769752812&#8243;]La passion d\u2019innover[\/ivan_title][vc_column_text c_id=&#8221;.vc_1449855160034&#8243;]Gr\u00e2ce \u00e0 un personnel hautement sp\u00e9cialis\u00e9 et \u00e0 l\u2019utilisation de technologies de pointe, la soci\u00e9t\u00e9 F.lli Gemignani est en mesure de proposer des solutions innovantes, fonctionnelles et adaptables aux besoins d\u2019une client\u00e8le qualifi\u00e9e de particuliers et de professionnels.[\/vc_column_text][\/vc_column][vc_column width=&#8221;1\/2&#8243; css=&#8221;.vc_custom_1455042494036{background-image: url(https:\/\/www.fratelligemignani.it\/wp-content\/uploads\/2015\/11\/azienda-3.jpg?id=896) !important;background-position: center !important;background-repeat: no-repeat !important;background-size: cover !important;}&#8221; el_class=&#8221;column-img-gemignani&#8221;][\/vc_column][\/vc_row]<\/p>\n<\/div>","protected":false},"excerpt":{"rendered":"<p>[vc_row full_width=&#8221;stretch_row_content_no_spaces&#8221; p_top=&#8221;0&#8243; p_bottom=&#8221;0&#8243; m_top=&#8221;0&#8243; m_bottom=&#8221;0&#8243; el_class=&#8221;coverpage-gemignani&#8221; css=&#8221;.vc_custom_1447171626444{background-image: url(https:\/\/www.fratelligemignani.it\/wp-content\/uploads\/2015\/11\/azienda-gemignani.jpg?id=93) !important;background-position: center !important;background-repeat: no-repeat !important;background-size: cover !important;}&#8221;][vc_column][vc_custom_heading text=&#8221;Depuis 1935&#8243; font_container=&#8221;tag:h1|text_align:center&#8221; google_fonts=&#8221;font_family:Montserrat%3Aregular%2C700|font_style:700%20bold%20regular%3A700%3Anormal&#8221;][vc_column_text css=&#8221;&#8221; c_id=&#8221;.vc_1454944687411&#8243;]La soci\u00e9t\u00e9 F.lli Gemignani est forte d\u2019une exp\u00e9rience de plus de 80 ans dans la production de machines pour l\u2019\u0153nologie. Au fil des ann\u00e9es, elle a d\u00e9velopp\u00e9 des techniques innovantes dans la fabrication de [&hellip;]<\/p>\n","protected":false},"author":3,"featured_media":0,"parent":0,"menu_order":0,"comment_status":"closed","ping_status":"closed","template":"","meta":{"ngg_post_thumbnail":0,"footnotes":""},"class_list":["post-73","page","type-page","status-publish","hentry"],"_links":{"self":[{"href":"https:\/\/www.fratelligemignani.it\/fr\/wp-json\/wp\/v2\/pages\/73","targetHints":{"allow":["GET"]}}],"collection":[{"href":"https:\/\/www.fratelligemignani.it\/fr\/wp-json\/wp\/v2\/pages"}],"about":[{"href":"https:\/\/www.fratelligemignani.it\/fr\/wp-json\/wp\/v2\/types\/page"}],"author":[{"embeddable":true,"href":"https:\/\/www.fratelligemignani.it\/fr\/wp-json\/wp\/v2\/users\/3"}],"replies":[{"embeddable":true,"href":"https:\/\/www.fratelligemignani.it\/fr\/wp-json\/wp\/v2\/comments?post=73"}],"version-history":[{"count":17,"href":"https:\/\/www.fratelligemignani.it\/fr\/wp-json\/wp\/v2\/pages\/73\/revisions"}],"predecessor-version":[{"id":1183,"href":"https:\/\/www.fratelligemignani.it\/fr\/wp-json\/wp\/v2\/pages\/73\/revisions\/1183"}],"wp:attachment":[{"href":"https:\/\/www.fratelligemignani.it\/fr\/wp-json\/wp\/v2\/media?parent=73"}],"curies":[{"name":"wp","href":"https:\/\/api.w.org\/{rel}","templated":true}]}}