{"id":2,"date":"2015-11-09T14:33:45","date_gmt":"2015-11-09T13:33:45","guid":{"rendered":"http:\/\/www.fratelligemignani.it\/?page_id=2"},"modified":"2024-02-27T11:36:09","modified_gmt":"2024-02-27T10:36:09","slug":"home","status":"publish","type":"page","link":"https:\/\/www.fratelligemignani.it\/fr\/","title":{"rendered":"HomePage"},"content":{"rendered":"<div class=\"wpb-content-wrapper\"><p>[vc_row full_width=&#8221;stretch_row_content_no_spaces&#8221; p_top=&#8221;0&#8243; p_bottom=&#8221;0&#8243; m_top=&#8221;0&#8243; m_bottom=&#8221;0&#8243;][vc_column][rev_slider_vc alias=&#8221;home&#8221;][\/vc_column][\/vc_row][vc_row full_width=&#8221;stretch_row_content_no_spaces&#8221; p_top=&#8221;0&#8243; p_bottom=&#8221;0&#8243; m_top=&#8221;0&#8243; m_bottom=&#8221;0&#8243; css=&#8221;.vc_custom_1455042782979{background-image: url(https:\/\/www.fratelligemignani.it\/wp-content\/uploads\/2015\/11\/azienda-gemignani.jpg?id=93) !important;background-position: center !important;background-repeat: no-repeat !important;background-size: cover !important;}&#8221;][vc_column el_class=&#8221;abouthome&#8221;][vc_single_image image=&#8221;16&#8243; img_size=&#8221;full&#8221; alignment=&#8221;center&#8221;][vc_column_text c_id=&#8221;.vc_1454595496934&#8243;]<\/p>\n<h1>Le soin d\u00e9s d\u00e9tails<br \/>\nla fiabilit\u00e9 de l\u2019exp\u00e9rience<\/h1>\n<p>La soci\u00e9t\u00e9 F.lli Gemignani est forte d\u2019une exp\u00e9rience de plus de 80 ans dans la production de machines pour l\u2019\u0153nologie.<br \/>\nAu fil des ann\u00e9es, elle a d\u00e9velopp\u00e9 des techniques innovantes dans la fabrication de mat\u00e9riel de pointe pour le secteur.<br \/>\nDepuis plus de 20 ans, elle intervient \u00e9galement dans la production de machines alimentaires et de fours \u00e0 bois int\u00e9rieurs et ext\u00e9rieurs.<br \/>\nAvec ses produits, elle est active sur les principaux march\u00e9s europ\u00e9ens et extra-europ\u00e9ens.[\/vc_column_text][ivan_button link=&#8221;azienda&#8221; border_r=&#8221;square&#8221; style=&#8221;outline&#8221; align=&#8221;to-center&#8221; c_id=&#8221;.vc_1527499088353&#8243;]lire l&#8217;histoire des fr\u00e8res Gemignani &gt;[\/ivan_button][\/vc_column][\/vc_row][vc_row full_width=&#8221;stretch_row_content_no_spaces&#8221; equal_height=&#8221;yes&#8221; p_top=&#8221;0&#8243; p_bottom=&#8221;0&#8243; m_top=&#8221;0&#8243; m_bottom=&#8221;0&#8243; el_class=&#8221;row-gemignani&#8221;][vc_column width=&#8221;1\/2&#8243; el_class=&#8221;column-txt-gemignani&#8221;][ivan_title title_tag=&#8221;h1&#8243; mark=&#8221;yes&#8221; c_id=&#8221;.vc_1527498817774&#8243; sub=&#8221;Machines pour l\u2019\u0153nologie pour la premi\u00e8re transformation des raisins&#8221;]Machines pour l\u2019\u0153nologie[\/ivan_title][vc_column_text c_id=&#8221;.vc_1454596593748&#8243;]La soci\u00e9t\u00e9 F.lli Gemignani dispose de plus de 80 ans d\u2019exp\u00e9rience dans la production de machines pour l\u2019\u0153nologie.<br \/>\nLa gamme de machines fabriqu\u00e9es par l\u2019entreprise couvre toutes les exigences li\u00e9es aux diff\u00e9rentes phases de la premi\u00e8re transformation des raisins : \u00e9grappoirs-fouloirs et fouloirs-\u00e9grappoirs (semi-centrifuges et centrifuges), pompes \u00e9lectriques et presses.[\/vc_column_text][ivan_button link=&#8221;macchine-enologiche&#8221; border_r=&#8221;square&#8221; style=&#8221;outline&#8221; align=&#8221;to-left&#8221; c_id=&#8221;.vc_1527498997713&#8243;]voir tout &gt;[\/ivan_button][\/vc_column][vc_column width=&#8221;1\/2&#8243; css=&#8221;.vc_custom_1450171152430{background-image: url(https:\/\/www.fratelligemignani.it\/wp-content\/uploads\/2015\/11\/Macchine-enologiche.jpg?id=688) !important;background-position: center !important;background-repeat: no-repeat !important;background-size: cover !important;}&#8221; el_class=&#8221;column-img-gemignani&#8221;][\/vc_column][\/vc_row][vc_row full_width=&#8221;stretch_row_content_no_spaces&#8221; equal_height=&#8221;yes&#8221; p_top=&#8221;0&#8243; p_bottom=&#8221;0&#8243; m_top=&#8221;0&#8243; m_bottom=&#8221;0&#8243; el_class=&#8221;row-gemignani&#8221;][vc_column width=&#8221;1\/2&#8243; css=&#8221;.vc_custom_1450171168432{background-image: url(https:\/\/www.fratelligemignani.it\/wp-content\/uploads\/2015\/11\/macchine-alimentari.jpg?id=687) !important;background-position: center !important;background-repeat: no-repeat !important;background-size: cover !important;}&#8221; el_class=&#8221;column-img-gemignani&#8221;][\/vc_column][vc_column width=&#8221;1\/2&#8243; el_class=&#8221;column-txt-gemignani&#8221;][ivan_title title_tag=&#8221;h1&#8243; mark=&#8221;yes&#8221; c_id=&#8221;.vc_1527498837442&#8243; sub=&#8221;P\u00e9trins \u00e0 spirale et m\u00e9langeurs plan\u00e9taires&#8221;]Machines alimentaires[\/ivan_title][vc_column_text c_id=&#8221;.vc_1454596630694&#8243;]Les p\u00e9trins et malaxeurs Gemignani, con\u00e7us et fabriqu\u00e9s dans notre usine, produisent avec la m\u00eame performance de petites et de grandes quantit\u00e9s de p\u00e2te homog\u00e8ne pour le pain, la pizza et les g\u00e2teaux.<br \/>\nDu fait du bon rapport de tours entre la spirale et la cuve, obtenu gr\u00e2ce \u00e0 une transmission en cha\u00eene robuste et silencieuse, les p\u00e9trins et malaxeurs Gemignani sont fiables et durables, faciles \u00e0 utiliser et \u00e0 nettoyer.<br \/>\nPourvus d\u2019un motor\u00e9ducteur \u00e0 bain d\u2019huile, d\u2019une spirale, d\u2019une cuve en inox 18\/8 (304) et de commandes 24V, ces appareils sont fabriqu\u00e9s selon les normes de s\u00e9curit\u00e9 pr\u00e9vues par la r\u00e9glementation en vigueur en la mati\u00e8re.[\/vc_column_text][ivan_button link=&#8221;macchine-alimentari&#8221; border_r=&#8221;square&#8221; style=&#8221;outline&#8221; align=&#8221;to-left&#8221; c_id=&#8221;.vc_1527499005421&#8243;]voir tout &gt;[\/ivan_button][\/vc_column][\/vc_row][vc_row full_width=&#8221;stretch_row_content_no_spaces&#8221; equal_height=&#8221;yes&#8221; p_top=&#8221;0&#8243; p_bottom=&#8221;0&#8243; m_top=&#8221;0&#8243; m_bottom=&#8221;0&#8243; el_class=&#8221;row-gemignani&#8221;][vc_column width=&#8221;1\/2&#8243; el_class=&#8221;column-txt-gemignani&#8221;][ivan_title title_tag=&#8221;h1&#8243; mark=&#8221;yes&#8221; c_id=&#8221;.vc_1527498870170&#8243; sub=&#8221;Four \u00e0 bois int\u00e9rieurs, ext\u00e9rieurs et \u00e0 encastrer avec feu indirect, Fours \u00e9lectriques pour pizzerias de qualit\u00e9&#8221;]Fours[\/ivan_title][vc_column_text c_id=&#8221;.vc_1454596640155&#8243;]Nous produisons des fours \u00e0 bois avec feu indirect pour la cuisson d\u2019aliments, dont les innovations structurelles ont fait notre r\u00e9putation tant en Italie que dans le monde entier.<br \/>\nLa longue exp\u00e9rience que nous avons accumul\u00e9e dans la production de fours \u00e0 bois ext\u00e9rieurs, pour parcs et jardins, et int\u00e9rieurs ou encastr\u00e9s, de diff\u00e9rents types et tailles, nous permet de satisfaire tous les \u00ab palais \u00bb.[\/vc_column_text][ivan_button link=&#8221;forni&#8221; border_r=&#8221;square&#8221; style=&#8221;outline&#8221; align=&#8221;to-left&#8221; c_id=&#8221;.vc_1527499012305&#8243;]voir tout &gt;[\/ivan_button][\/vc_column][vc_column width=&#8221;1\/2&#8243; css=&#8221;.vc_custom_1450171197573{background-image: url(https:\/\/www.fratelligemignani.it\/wp-content\/uploads\/2015\/11\/forni.jpg?id=686) !important;background-position: center !important;background-repeat: no-repeat !important;background-size: cover !important;}&#8221; el_class=&#8221;column-img-gemignani&#8221;][\/vc_column][\/vc_row][vc_row full_width=&#8221;stretch_row_content_no_spaces&#8221; equal_height=&#8221;yes&#8221; p_top=&#8221;0&#8243; p_bottom=&#8221;0&#8243; m_top=&#8221;0&#8243; m_bottom=&#8221;0&#8243; el_class=&#8221;row-gemignani&#8221;][vc_column width=&#8221;1\/2&#8243; css=&#8221;.vc_custom_1450171217136{background-image: url(https:\/\/www.fratelligemignani.it\/wp-content\/uploads\/2015\/11\/spremitrici.jpg?id=689) !important;background-position: center !important;background-repeat: no-repeat !important;background-size: cover !important;}&#8221; el_class=&#8221;column-img-gemignani&#8221;][\/vc_column][vc_column width=&#8221;1\/2&#8243; el_class=&#8221;column-txt-gemignani&#8221;][ivan_title title_tag=&#8221;h1&#8243; mark=&#8221;yes&#8221; c_id=&#8221;.vc_1527498884247&#8243; sub=&#8221;\u00c9quipement pour la production d\u2019huile \u00e0 partir de graines ol\u00e9agineuses&#8221;]\u00c9quipements de trituration[\/ivan_title][vc_column_text c_id=&#8221;.vc_1454596649019&#8243;]L\u2019\u00e9quipement de trituration \u00ab BIO 100 \u00bb a \u00e9t\u00e9 con\u00e7u et construit pour le traitement de graines ol\u00e9agineuses permettant d\u2019obtenir de l\u2019huile pour la production de biodiesel et un tourteau prot\u00e9ique sous forme de granul\u00e9s de bois.<br \/>\n\u00c9quipement conforme \u00e0 la r\u00e9glementation UE.[\/vc_column_text][ivan_button link=&#8221;spremitrici&#8221; border_r=&#8221;square&#8221; style=&#8221;outline&#8221; align=&#8221;to-left&#8221; c_id=&#8221;.vc_1527499020025&#8243;]voir tout &gt;[\/ivan_button][\/vc_column][\/vc_row]<\/p>\n<\/div>","protected":false},"excerpt":{"rendered":"<p>[vc_row full_width=&#8221;stretch_row_content_no_spaces&#8221; p_top=&#8221;0&#8243; p_bottom=&#8221;0&#8243; m_top=&#8221;0&#8243; m_bottom=&#8221;0&#8243;][vc_column][rev_slider_vc alias=&#8221;home&#8221;][\/vc_column][\/vc_row][vc_row full_width=&#8221;stretch_row_content_no_spaces&#8221; p_top=&#8221;0&#8243; p_bottom=&#8221;0&#8243; m_top=&#8221;0&#8243; m_bottom=&#8221;0&#8243; css=&#8221;.vc_custom_1455042782979{background-image: url(https:\/\/www.fratelligemignani.it\/wp-content\/uploads\/2015\/11\/azienda-gemignani.jpg?id=93) !important;background-position: center !important;background-repeat: no-repeat !important;background-size: cover !important;}&#8221;][vc_column el_class=&#8221;abouthome&#8221;][vc_single_image image=&#8221;16&#8243; img_size=&#8221;full&#8221; alignment=&#8221;center&#8221;][vc_column_text c_id=&#8221;.vc_1454595496934&#8243;] Le soin d\u00e9s d\u00e9tails la fiabilit\u00e9 de l\u2019exp\u00e9rience La soci\u00e9t\u00e9 F.lli Gemignani est forte d\u2019une exp\u00e9rience de plus de 80 ans dans la production de machines pour l\u2019\u0153nologie. Au [&hellip;]<\/p>\n","protected":false},"author":3,"featured_media":0,"parent":0,"menu_order":0,"comment_status":"closed","ping_status":"closed","template":"","meta":{"ngg_post_thumbnail":0,"footnotes":""},"class_list":["post-2","page","type-page","status-publish","hentry"],"_links":{"self":[{"href":"https:\/\/www.fratelligemignani.it\/fr\/wp-json\/wp\/v2\/pages\/2","targetHints":{"allow":["GET"]}}],"collection":[{"href":"https:\/\/www.fratelligemignani.it\/fr\/wp-json\/wp\/v2\/pages"}],"about":[{"href":"https:\/\/www.fratelligemignani.it\/fr\/wp-json\/wp\/v2\/types\/page"}],"author":[{"embeddable":true,"href":"https:\/\/www.fratelligemignani.it\/fr\/wp-json\/wp\/v2\/users\/3"}],"replies":[{"embeddable":true,"href":"https:\/\/www.fratelligemignani.it\/fr\/wp-json\/wp\/v2\/comments?post=2"}],"version-history":[{"count":52,"href":"https:\/\/www.fratelligemignani.it\/fr\/wp-json\/wp\/v2\/pages\/2\/revisions"}],"predecessor-version":[{"id":1134,"href":"https:\/\/www.fratelligemignani.it\/fr\/wp-json\/wp\/v2\/pages\/2\/revisions\/1134"}],"wp:attachment":[{"href":"https:\/\/www.fratelligemignani.it\/fr\/wp-json\/wp\/v2\/media?parent=2"}],"curies":[{"name":"wp","href":"https:\/\/api.w.org\/{rel}","templated":true}]}}